{"id":123,"date":"2020-04-11T17:03:07","date_gmt":"2020-04-11T21:03:07","guid":{"rendered":"https:\/\/gpsites.co\/dev\/?page_id=123"},"modified":"2025-08-24T19:09:24","modified_gmt":"2025-08-24T19:09:24","slug":"home","status":"publish","type":"page","link":"https:\/\/montadordecocinas.losnaranjos23.com\/","title":{"rendered":"Montador de Cocinas Profesional en Marbella"},"content":{"rendered":"<div class=\"gb-container gb-container-b775ec6e\">\n<div class=\"gb-container gb-container-8413ff22\">\n<div class=\"gb-container gb-container-d909976d\">\n\n<h1 class=\"gb-headline gb-headline-9abef96f gb-headline-text\">\u00bfTu cocina ya lleg\u00f3 pero el montaje de la tienda se retrasa semanas? En Los Naranjos 23&nbsp; somos especialistas en montaje de cocinas en Marbella.<br><\/h1>\n\n\n\n<a class=\"gb-button gb-button-bd07cb34 gb-button-text button-effect\" href=\"https:\/\/montadordecocinas.losnaranjos23.com\/index.php\/contactar\/\">Contactar<\/a>\n\n<\/div>\n\n<div class=\"gb-container gb-container-8cb5bbb4\">\n\n<figure class=\"gb-block-image gb-block-image-31368e9f\"><img loading=\"lazy\" decoding=\"async\" width=\"2560\" height=\"1920\" class=\"gb-image gb-image-31368e9f\" src=\"https:\/\/montadordecocinas.losnaranjos23.com\/wp-content\/uploads\/2025\/05\/IMG_1007-scaled.jpg\" alt=\"Montaje de Cocina\" title=\"IMG_1007\" srcset=\"https:\/\/montadordecocinas.losnaranjos23.com\/wp-content\/uploads\/2025\/05\/IMG_1007-scaled.jpg 2560w, https:\/\/montadordecocinas.losnaranjos23.com\/wp-content\/uploads\/2025\/05\/IMG_1007-300x225.jpg 300w, https:\/\/montadordecocinas.losnaranjos23.com\/wp-content\/uploads\/2025\/05\/IMG_1007-1024x768.jpg 1024w, https:\/\/montadordecocinas.losnaranjos23.com\/wp-content\/uploads\/2025\/05\/IMG_1007-768x576.jpg 768w, https:\/\/montadordecocinas.losnaranjos23.com\/wp-content\/uploads\/2025\/05\/IMG_1007-1536x1152.jpg 1536w, https:\/\/montadordecocinas.losnaranjos23.com\/wp-content\/uploads\/2025\/05\/IMG_1007-2048x1536.jpg 2048w\" sizes=\"auto, (max-width: 2560px) 100vw, 2560px\" \/><\/figure>\n\n<\/div>\n<\/div>\n<\/div>\n\n<div class=\"gb-container gb-container-89d80ae4\">\n<div class=\"gb-container gb-container-5d7c20e2\">\n<div class=\"gb-container gb-container-ed2e36d9\">\n\n<figure class=\"gb-block-image gb-block-image-fc31c0a6\"><img loading=\"lazy\" decoding=\"async\" width=\"768\" height=\"1024\" class=\"gb-image gb-image-fc31c0a6\" src=\"https:\/\/montadordecocinas.losnaranjos23.com\/wp-content\/uploads\/2025\/05\/IMG_1120-768x1024.jpg\" alt=\"\" title=\"IMG_1120\" srcset=\"https:\/\/montadordecocinas.losnaranjos23.com\/wp-content\/uploads\/2025\/05\/IMG_1120-768x1024.jpg 768w, https:\/\/montadordecocinas.losnaranjos23.com\/wp-content\/uploads\/2025\/05\/IMG_1120-225x300.jpg 225w, https:\/\/montadordecocinas.losnaranjos23.com\/wp-content\/uploads\/2025\/05\/IMG_1120-1152x1536.jpg 1152w, https:\/\/montadordecocinas.losnaranjos23.com\/wp-content\/uploads\/2025\/05\/IMG_1120-1536x2048.jpg 1536w, https:\/\/montadordecocinas.losnaranjos23.com\/wp-content\/uploads\/2025\/05\/IMG_1120-scaled.jpg 1920w\" sizes=\"auto, (max-width: 768px) 100vw, 768px\" \/><\/figure>\n\n<\/div>\n\n<div class=\"gb-container gb-container-df35cdce\">\n\n<h2 class=\"gb-headline gb-headline-14754aec\"><span class=\"gb-icon\"><svg xmlns=\"http:\/\/www.w3.org\/2000\/svg\" viewBox=\"0 0 60 4.688\"><path d=\"M57.656 0H2.344a2.343 2.343 0 100 4.688h55.312a2.344 2.344 0 000-4.688z\"><\/path><\/svg><\/span><span class=\"gb-headline-text\">Nuestro servicio de montaje de cocinas en Marbella<br><\/span><\/h2>\n\n\n\n<p>Montadores de cocinas en Marbella: profesionales locales y r\u00e1pidos<\/p>\n\n\n\n<p>En Los Naranjos 23 estamos en Marbella y alrededores. Actuamos r\u00e1pido, con atenci\u00f3n directa y tiempos de respuesta casi inmediatos. \u00bfTe llegaron los muebles? Ma\u00f1ana mismo estamos en tu casa.<\/p>\n\n\n\n<a class=\"gb-button gb-button-c4f256b2 gb-button-text button-effect\" href=\"https:\/\/montadordecocinas.losnaranjos23.com\/index.php\/contactar\/\">Contactar<\/a>\n\n<\/div>\n<\/div>\n<\/div>\n\n<div class=\"gb-container gb-container-8d4f0053\"><\/div>\n\n<div class=\"gb-container gb-container-14357aae\">\n\n<h2 class=\"gb-headline gb-headline-ff1a03ad gb-headline-text\"><strong>Montaje de muebles de cocina en Marbella paso a paso:<br><\/strong>1.   Revisi\u00f3n de planos y elementos recibidos<br>2.  Montaje estructural y fijaci\u00f3n a paredes<br>3.  Instalaci\u00f3n de encimeras y z\u00f3calos<br>4. Integraci\u00f3n de electrodom\u00e9sticos<br>5.  Revisi\u00f3n, limpieza y entrega final<\/h2>\n\n\n\n<p><br><\/p>\n\n\n\n<a class=\"gb-button gb-button-40142cda gb-button-text button-effect\" href=\"https:\/\/montadordecocinas.losnaranjos23.com\/index.php\/contactar\/\">Contactar<\/a>\n\n\n\n<h2 class=\"gb-headline gb-headline-ea6bfbe8 gb-headline-text\"><strong>Especialistas en montaje de muebles de cocinas<\/strong>           <strong><br><\/strong>\u00bfQu\u00e9 implica el montaje profesional de muebles de cocina?<br>El montaje de muebles de cocina no es solo ensamblar m\u00f3dulos. Requiere precisi\u00f3n, herramientas adecuadas y experiencia para garantizar que todo quede nivelado, firme y funcional. En Los Naranjos 23 nos encargamos de todo el proceso con total garant\u00eda:<br>&#8211; Anclaje seguro a la pared<br>&#8211; Ajustes milim\u00e9tricos en puertas y cajones<br>&#8211; Corte e instalaci\u00f3n de encimeras<br>&#8211; Integraci\u00f3n de m\u00f3dulos especiales (extra\u00edbles, esquineros, etc.)<br><\/h2>\n\n\n\n<a class=\"gb-button gb-button-f5ab0b97 gb-button-text button-effect\" href=\"https:\/\/montadordecocinas.losnaranjos23.com\/index.php\/contactar\/\">Contactar<\/a>\n\n\n\n<h2 class=\"gb-headline gb-headline-a1814292 gb-headline-text\"><strong>Ventajas de contratar un montador de muebles especializado<br><\/strong>          <strong><br><\/strong>&#8211; Acabado profesional similar al de los montadores oficiales<br>&#8211; Sin errores ni improvisaciones<br>&#8211; Optimizaci\u00f3n del espacio y funcionalidad garantizada<br>Nuestros montadores tienen experiencia con muebles modulares de IKEA, Leroy Merlin, Brico Depot, entre otros. Sabemos c\u00f3mo montar, alinear y fijar cada m\u00f3dulo correctamente desde el principio<br><\/h2>\n\n\n\n<a class=\"gb-button gb-button-db0a7788 gb-button-text button-effect\" href=\"https:\/\/montadordecocinas.losnaranjos23.com\/index.php\/contactar\/\">Contactar<\/a>\n\n\n\n<h2 class=\"gb-headline gb-headline-3a0a7130 gb-headline-text\"><strong>Montador cocinas IKEA y otras grandes marcas<br><\/strong>          <strong><br><\/strong>Instalamos cocinas IKEA de forma r\u00e1pida y eficiente<br>\u00bfTu cocina IKEA lleg\u00f3 y no quieres esperar mas de 2 semanas por la tienda? Nosotros te la montamos ma\u00f1ana mismo, con resultados impecables.<br><br><\/h2>\n\n\n\n<a class=\"gb-button gb-button-fd36c474 gb-button-text button-effect\" href=\"https:\/\/montadordecocinas.losnaranjos23.com\/index.php\/contactar\/\">Contactar<\/a>\n\n\n\n<h2 class=\"gb-headline gb-headline-d823f578 gb-headline-text\"><strong>\u00bfQu\u00e9 tener en cuenta al montar cocinas prefabricadas?<br><\/strong>          <strong><br><\/strong>&#8211; Verifica las medidas y planos.<br>&#8211; Ten todos los m\u00f3dulos en casa.<br>&#8211; Conf\u00eda en un equipo experto como Los Naranjos 23..<br><br><\/h2>\n\n\n\n<a class=\"gb-button gb-button-5ed51ea1 gb-button-text button-effect\" href=\"https:\/\/montadordecocinas.losnaranjos23.com\/index.php\/contactar\/\">Contactar<\/a>\n\n<\/div>","protected":false},"excerpt":{"rendered":"","protected":false},"author":1,"featured_media":0,"parent":0,"menu_order":0,"comment_status":"closed","ping_status":"closed","template":"","meta":{"footnotes":""},"class_list":["post-123","page","type-page","status-publish"],"_links":{"self":[{"href":"https:\/\/montadordecocinas.losnaranjos23.com\/index.php\/wp-json\/wp\/v2\/pages\/123","targetHints":{"allow":["GET"]}}],"collection":[{"href":"https:\/\/montadordecocinas.losnaranjos23.com\/index.php\/wp-json\/wp\/v2\/pages"}],"about":[{"href":"https:\/\/montadordecocinas.losnaranjos23.com\/index.php\/wp-json\/wp\/v2\/types\/page"}],"author":[{"embeddable":true,"href":"https:\/\/montadordecocinas.losnaranjos23.com\/index.php\/wp-json\/wp\/v2\/users\/1"}],"replies":[{"embeddable":true,"href":"https:\/\/montadordecocinas.losnaranjos23.com\/index.php\/wp-json\/wp\/v2\/comments?post=123"}],"version-history":[{"count":6,"href":"https:\/\/montadordecocinas.losnaranjos23.com\/index.php\/wp-json\/wp\/v2\/pages\/123\/revisions"}],"predecessor-version":[{"id":2846,"href":"https:\/\/montadordecocinas.losnaranjos23.com\/index.php\/wp-json\/wp\/v2\/pages\/123\/revisions\/2846"}],"wp:attachment":[{"href":"https:\/\/montadordecocinas.losnaranjos23.com\/index.php\/wp-json\/wp\/v2\/media?parent=123"}],"curies":[{"name":"wp","href":"https:\/\/api.w.org\/{rel}","templated":true}]}}